{"id":2214,"date":"2022-01-18T18:55:55","date_gmt":"2022-01-18T17:55:55","guid":{"rendered":"https:\/\/www.nostalgia-toys.ca\/?page_id=2214"},"modified":"2022-03-22T18:03:17","modified_gmt":"2022-03-22T17:03:17","slug":"politique-de-retour","status":"publish","type":"page","link":"https:\/\/www.nostalgia-toys.ca\/fr\/politique-de-retour\/","title":{"rendered":"Politique de retour"},"content":{"rendered":"\t\t<div data-elementor-type=\"wp-post\" data-elementor-id=\"2214\" class=\"elementor elementor-2214 elementor-2043\">\n\t\t\t\t\t\t<section class=\"elementor-section elementor-top-section elementor-element elementor-element-71d581d elementor-section-boxed elementor-section-height-default elementor-section-height-default\" data-id=\"71d581d\" data-element_type=\"section\">\n\t\t\t\t\t\t<div class=\"elementor-container elementor-column-gap-default\">\n\t\t\t\t\t<div class=\"elementor-column elementor-col-100 elementor-top-column elementor-element elementor-element-6f09e2d\" data-id=\"6f09e2d\" data-element_type=\"column\">\n\t\t\t<div class=\"elementor-widget-wrap elementor-element-populated\">\n\t\t\t\t\t\t<div class=\"elementor-element elementor-element-b4ca035 elementor-widget elementor-widget-text-editor\" data-id=\"b4ca035\" data-element_type=\"widget\" data-widget_type=\"text-editor.default\">\n\t\t\t\t<div class=\"elementor-widget-container\">\n\t\t\t\t\t\t\t\t\t<ul>\n \t<li>Tous les articles achet\u00e9s sur Nostalgia Toys peuvent \u00eatre retourn\u00e9s dans les 30 jours \u00e0 compter de la date de r\u00e9ception.<\/li>\n \t<li>Les articles non d\u00e9sir\u00e9s peuvent \u00eatre retourn\u00e9s, mais les acheteurs sont responsables de payer les frais d&#8217;exp\u00e9dition.<\/li>\n \t<li>Les articles re\u00e7us endommag\u00e9s ou qui ne sont pas dans l&#8217;\u00e9tat dans lequel ils \u00e9taient cens\u00e9s \u00eatre peuvent \u00eatre retourn\u00e9s gratuitement. Une \u00e9tiquette d&#8217;exp\u00e9dition sera envoy\u00e9e \u00e0 l&#8217;adresse e-mail de l&#8217;acheteur.<\/li>\n \t<li>Veuillez nous contacter avant de retourner un article, afin que nous puissions vous aider tout au long du processus.<\/li>\n<\/ul>\n&nbsp;\n<br>\n<b>Addresse de retour<\/b><br>\n1015 AV Saint-Louis<br>\nSaint-Joseph-de-Beauce<br>\nG0S2V0, QC\t\t\t\t\t\t\t\t<\/div>\n\t\t\t\t<\/div>\n\t\t\t\t\t<\/div>\n\t\t<\/div>\n\t\t\t\t\t<\/div>\n\t\t<\/section>\n\t\t\t\t<\/div>\n\t\t","protected":false},"excerpt":{"rendered":"<p>Tous les articles achet\u00e9s sur Nostalgia Toys peuvent \u00eatre retourn\u00e9s dans les 30 jours \u00e0 compter de la date de r\u00e9ception. Les articles non d\u00e9sir\u00e9s peuvent \u00eatre retourn\u00e9s, mais les acheteurs sont responsables de payer les frais d&#8217;exp\u00e9dition. Les articles re\u00e7us endommag\u00e9s ou qui ne sont pas dans l&#8217;\u00e9tat dans [&hellip;]<\/p>\n","protected":false},"author":1,"featured_media":0,"parent":0,"menu_order":0,"comment_status":"closed","ping_status":"closed","template":"","meta":{"footnotes":""},"class_list":["post-2214","page","type-page","status-publish","hentry"],"aioseo_notices":[],"_links":{"self":[{"href":"https:\/\/www.nostalgia-toys.ca\/fr\/wp-json\/wp\/v2\/pages\/2214","targetHints":{"allow":["GET"]}}],"collection":[{"href":"https:\/\/www.nostalgia-toys.ca\/fr\/wp-json\/wp\/v2\/pages"}],"about":[{"href":"https:\/\/www.nostalgia-toys.ca\/fr\/wp-json\/wp\/v2\/types\/page"}],"author":[{"embeddable":true,"href":"https:\/\/www.nostalgia-toys.ca\/fr\/wp-json\/wp\/v2\/users\/1"}],"replies":[{"embeddable":true,"href":"https:\/\/www.nostalgia-toys.ca\/fr\/wp-json\/wp\/v2\/comments?post=2214"}],"version-history":[{"count":5,"href":"https:\/\/www.nostalgia-toys.ca\/fr\/wp-json\/wp\/v2\/pages\/2214\/revisions"}],"predecessor-version":[{"id":2926,"href":"https:\/\/www.nostalgia-toys.ca\/fr\/wp-json\/wp\/v2\/pages\/2214\/revisions\/2926"}],"wp:attachment":[{"href":"https:\/\/www.nostalgia-toys.ca\/fr\/wp-json\/wp\/v2\/media?parent=2214"}],"curies":[{"name":"wp","href":"https:\/\/api.w.org\/{rel}","templated":true}]}}