{"id":2217,"date":"2022-01-18T18:56:40","date_gmt":"2022-01-18T17:56:40","guid":{"rendered":"https:\/\/www.nostalgia-toys.ca\/?page_id=2217"},"modified":"2022-03-22T17:42:44","modified_gmt":"2022-03-22T16:42:44","slug":"informations-dexpedition","status":"publish","type":"page","link":"https:\/\/www.nostalgia-toys.ca\/fr\/informations-dexpedition\/","title":{"rendered":"Informations d&#8217;exp\u00e9dition"},"content":{"rendered":"\t\t<div data-elementor-type=\"wp-post\" data-elementor-id=\"2217\" class=\"elementor elementor-2217 elementor-2045\">\n\t\t\t\t\t\t<section class=\"elementor-section elementor-top-section elementor-element elementor-element-a34850d elementor-section-boxed elementor-section-height-default elementor-section-height-default\" data-id=\"a34850d\" data-element_type=\"section\">\n\t\t\t\t\t\t<div class=\"elementor-container elementor-column-gap-default\">\n\t\t\t\t\t<div class=\"elementor-column elementor-col-100 elementor-top-column elementor-element elementor-element-c0cc9a4\" data-id=\"c0cc9a4\" data-element_type=\"column\">\n\t\t\t<div class=\"elementor-widget-wrap elementor-element-populated\">\n\t\t\t\t\t\t<div class=\"elementor-element elementor-element-873ebfc elementor-widget elementor-widget-text-editor\" data-id=\"873ebfc\" data-element_type=\"widget\" data-widget_type=\"text-editor.default\">\n\t\t\t\t<div class=\"elementor-widget-container\">\n\t\t\t\t\t\t\t\t\t<ul><li>Livraison gratuite sur toute commande de 75$ et plus (avant taxes).*<\/li><li>Toutes les commandes sont envoy\u00e9es dans les 2 jours ouvrables (nous n&#8217;exp\u00e9dions pas les samedis, dimanches, ni jours f\u00e9ri\u00e9s).<\/li><li>Tous les articles sont exp\u00e9di\u00e9s avec Colis acc\u00e9l\u00e9r\u00e9 de Poste Canada. Vous recevrez un num\u00e9ro de suivi et un e-mail de notification d&#8217;exp\u00e9dition une fois votre commande exp\u00e9di\u00e9e.<\/li><li>Nous ne livrons qu\u2019au Canada.<\/li><\/ul><p>\u00a0<\/p><p>*Certains items surdimensionn\u00e9s ne pourront \u00eatre exp\u00e9di\u00e9s gratuitement.<\/p>\t\t\t\t\t\t\t\t<\/div>\n\t\t\t\t<\/div>\n\t\t\t\t\t<\/div>\n\t\t<\/div>\n\t\t\t\t\t<\/div>\n\t\t<\/section>\n\t\t\t\t<\/div>\n\t\t","protected":false},"excerpt":{"rendered":"<p>Livraison gratuite sur toute commande de 75$ et plus (avant taxes).* Toutes les commandes sont envoy\u00e9es dans les 2 jours ouvrables (nous n&#8217;exp\u00e9dions pas les samedis, dimanches, ni jours f\u00e9ri\u00e9s). Tous les articles sont exp\u00e9di\u00e9s avec Colis acc\u00e9l\u00e9r\u00e9 de Poste Canada. Vous recevrez un num\u00e9ro de suivi et un e-mail [&hellip;]<\/p>\n","protected":false},"author":1,"featured_media":0,"parent":0,"menu_order":0,"comment_status":"closed","ping_status":"closed","template":"","meta":{"footnotes":""},"class_list":["post-2217","page","type-page","status-publish","hentry"],"aioseo_notices":[],"_links":{"self":[{"href":"https:\/\/www.nostalgia-toys.ca\/fr\/wp-json\/wp\/v2\/pages\/2217","targetHints":{"allow":["GET"]}}],"collection":[{"href":"https:\/\/www.nostalgia-toys.ca\/fr\/wp-json\/wp\/v2\/pages"}],"about":[{"href":"https:\/\/www.nostalgia-toys.ca\/fr\/wp-json\/wp\/v2\/types\/page"}],"author":[{"embeddable":true,"href":"https:\/\/www.nostalgia-toys.ca\/fr\/wp-json\/wp\/v2\/users\/1"}],"replies":[{"embeddable":true,"href":"https:\/\/www.nostalgia-toys.ca\/fr\/wp-json\/wp\/v2\/comments?post=2217"}],"version-history":[{"count":7,"href":"https:\/\/www.nostalgia-toys.ca\/fr\/wp-json\/wp\/v2\/pages\/2217\/revisions"}],"predecessor-version":[{"id":2915,"href":"https:\/\/www.nostalgia-toys.ca\/fr\/wp-json\/wp\/v2\/pages\/2217\/revisions\/2915"}],"wp:attachment":[{"href":"https:\/\/www.nostalgia-toys.ca\/fr\/wp-json\/wp\/v2\/media?parent=2217"}],"curies":[{"name":"wp","href":"https:\/\/api.w.org\/{rel}","templated":true}]}}