{"id":3017,"date":"2022-03-16T20:57:01","date_gmt":"2022-03-16T19:57:01","guid":{"rendered":"https:\/\/www.nostalgia-toys.ca\/product\/educa-st-basil-cathedral-moscow-1000-pcs-puzzle\/"},"modified":"2022-03-23T21:29:46","modified_gmt":"2022-03-23T20:29:46","slug":"educa-st-basil-cathedral-moscow-1000-pcs-puzzle-fr","status":"publish","type":"product","link":"https:\/\/www.nostalgia-toys.ca\/fr\/produit\/educa-st-basil-cathedral-moscow-1000-pcs-puzzle-fr\/","title":{"rendered":"Educa &#8211; Cath\u00e9drale St-Basil Moscou (Casse-T\u00eate 1000pcs)"},"content":{"rendered":"<p>Educa vous propose la collection de puzzles pour adultes la plus compl\u00e8te du march\u00e9, avec des tailles allant de 300 \u00e0 42 000 pi\u00e8ces et avec les meilleures images et les personnages les plus amusants !<\/p>\n<p><strong>Dimensions du produit assembl\u00e9 : 48 x 68 cm<\/strong><\/p>\n","protected":false},"excerpt":{"rendered":"<p>Puzzle de 1000 pi\u00e8ces repr\u00e9sentant le soleil et les douze signes du zodiaque.<\/p>\n<p>Colle incluse.<\/p>\n<p>Taille approximative du puzzle assembl\u00e9 : 48 x 68 cm<\/p>\n<p><strong>14 ans+<\/strong><\/p>\n","protected":false},"featured_media":3020,"template":"","meta":[],"product_brand":[],"product_cat":[258,202,201,200,199],"product_tag":[],"class_list":{"0":"post-3017","1":"product","2":"type-product","3":"status-publish","4":"has-post-thumbnail","6":"product_cat-1000-pieces","7":"product_cat-casse-tetes-fr","8":"product_cat-educa-fr","9":"product_cat-par-editeur","10":"product_cat-par-nombre-de-pieces","12":"first","13":"instock","14":"taxable","15":"shipping-taxable","16":"purchasable","17":"product-type-simple"},"aioseo_notices":[],"_links":{"self":[{"href":"https:\/\/www.nostalgia-toys.ca\/fr\/wp-json\/wp\/v2\/product\/3017","targetHints":{"allow":["GET"]}}],"collection":[{"href":"https:\/\/www.nostalgia-toys.ca\/fr\/wp-json\/wp\/v2\/product"}],"about":[{"href":"https:\/\/www.nostalgia-toys.ca\/fr\/wp-json\/wp\/v2\/types\/product"}],"wp:featuredmedia":[{"embeddable":true,"href":"https:\/\/www.nostalgia-toys.ca\/fr\/wp-json\/wp\/v2\/media\/3020"}],"wp:attachment":[{"href":"https:\/\/www.nostalgia-toys.ca\/fr\/wp-json\/wp\/v2\/media?parent=3017"}],"wp:term":[{"taxonomy":"product_brand","embeddable":true,"href":"https:\/\/www.nostalgia-toys.ca\/fr\/wp-json\/wp\/v2\/product_brand?post=3017"},{"taxonomy":"product_cat","embeddable":true,"href":"https:\/\/www.nostalgia-toys.ca\/fr\/wp-json\/wp\/v2\/product_cat?post=3017"},{"taxonomy":"product_tag","embeddable":true,"href":"https:\/\/www.nostalgia-toys.ca\/fr\/wp-json\/wp\/v2\/product_tag?post=3017"}],"curies":[{"name":"wp","href":"https:\/\/api.w.org\/{rel}","templated":true}]}}