{"id":3086,"date":"2022-03-15T18:30:31","date_gmt":"2022-03-15T17:30:31","guid":{"rendered":"https:\/\/www.nostalgia-toys.ca\/product\/educa-dinosaurs-500-pieces-puzzle\/"},"modified":"2022-03-23T22:38:06","modified_gmt":"2022-03-23T21:38:06","slug":"educa-dinosaurs-500-pieces-puzzle-fr","status":"publish","type":"product","link":"https:\/\/www.nostalgia-toys.ca\/fr\/produit\/educa-dinosaurs-500-pieces-puzzle-fr\/","title":{"rendered":"Educa &#8211; Dinosaures (Casse-T\u00eate 500pcs)"},"content":{"rendered":"<p>Educa vous propose la collection de puzzles pour adultes la plus compl\u00e8te du march\u00e9, avec des tailles allant de 300 \u00e0 42 000 pi\u00e8ces et avec les meilleures images et les personnages les plus amusants !<\/p>\n<p><strong>Dimensions du produit assembl\u00e9 : 48cm x 34cm<\/strong><\/p>\n","protected":false},"excerpt":{"rendered":"<p>Puzzle de 500 pi\u00e8ces repr\u00e9sentant une grande vari\u00e9t\u00e9 de dinosaures.<\/p>\n<p>Colle incluse.<\/p>\n<p>Taille approximative du puzzle assembl\u00e9 : 48 x 34 cm<\/p>\n<p><strong>10 ans+<\/strong><\/p>\n","protected":false},"featured_media":3084,"template":"","meta":[],"product_brand":[],"product_cat":[198,202,201,200,199],"product_tag":[],"class_list":{"0":"post-3086","1":"product","2":"type-product","3":"status-publish","4":"has-post-thumbnail","6":"product_cat-500-pieces","7":"product_cat-casse-tetes-fr","8":"product_cat-educa-fr","9":"product_cat-par-editeur","10":"product_cat-par-nombre-de-pieces","12":"first","13":"instock","14":"taxable","15":"shipping-taxable","16":"purchasable","17":"product-type-simple"},"aioseo_notices":[],"_links":{"self":[{"href":"https:\/\/www.nostalgia-toys.ca\/fr\/wp-json\/wp\/v2\/product\/3086","targetHints":{"allow":["GET"]}}],"collection":[{"href":"https:\/\/www.nostalgia-toys.ca\/fr\/wp-json\/wp\/v2\/product"}],"about":[{"href":"https:\/\/www.nostalgia-toys.ca\/fr\/wp-json\/wp\/v2\/types\/product"}],"wp:featuredmedia":[{"embeddable":true,"href":"https:\/\/www.nostalgia-toys.ca\/fr\/wp-json\/wp\/v2\/media\/3084"}],"wp:attachment":[{"href":"https:\/\/www.nostalgia-toys.ca\/fr\/wp-json\/wp\/v2\/media?parent=3086"}],"wp:term":[{"taxonomy":"product_brand","embeddable":true,"href":"https:\/\/www.nostalgia-toys.ca\/fr\/wp-json\/wp\/v2\/product_brand?post=3086"},{"taxonomy":"product_cat","embeddable":true,"href":"https:\/\/www.nostalgia-toys.ca\/fr\/wp-json\/wp\/v2\/product_cat?post=3086"},{"taxonomy":"product_tag","embeddable":true,"href":"https:\/\/www.nostalgia-toys.ca\/fr\/wp-json\/wp\/v2\/product_tag?post=3086"}],"curies":[{"name":"wp","href":"https:\/\/api.w.org\/{rel}","templated":true}]}}