{"id":3097,"date":"2022-03-22T21:39:04","date_gmt":"2022-03-22T20:39:04","guid":{"rendered":"https:\/\/www.nostalgia-toys.ca\/product\/lego-city-great-vehicles-diving-yacht-60221-148pcs\/"},"modified":"2022-03-24T15:06:20","modified_gmt":"2022-03-24T14:06:20","slug":"lego-city-great-vehicles-diving-yacht-60221-148pcs-fr","status":"publish","type":"product","link":"https:\/\/www.nostalgia-toys.ca\/fr\/produit\/lego-city-great-vehicles-diving-yacht-60221-148pcs-fr\/","title":{"rendered":"LEGO City Great Vehicles Le yacht de plong\u00e9e 60221 (148pcs)"},"content":{"rendered":"<p>Explore le monde sous-marin avec le yacht de plong\u00e9e LEGO\u00ae City 60221 ! Ce luxueux yacht de plong\u00e9e comprend une terrasse, un toit amovible, un projecteur rotatif et un espace de rangement qui sert \u00e9galement d&#8217;espace de couchage, ainsi qu&#8217;une sc\u00e8ne de fond marin avec des algues et un coffre au tr\u00e9sor qui s&#8217;ouvre pour r\u00e9v\u00e9ler un joyau. Cet ensemble de bateau amusant comprend \u00e9galement une bou\u00e9e, 2 figurines de plongeurs LEGO et des figurines d&#8217;espadon et de crabe.<br \/>\nInclut 2 figurines de plong\u00e9e LEGO\u00ae City plus des figurines d&#8217;espadon et de crabe.<br \/>\nComprend un grand yacht de plong\u00e9e avec un solarium, un toit amovible, un projecteur rotatif et un espace de rangement qui sert \u00e9galement d&#8217;espace de couchage.<br \/>\nComprend un d\u00e9cor de fond marin avec un coffre au tr\u00e9sor qui s&#8217;ouvre.<br \/>\nLes accessoires incluent un \u00e9quipement de plong\u00e9e, un appareil photo, une gemme, une cam\u00e9ra vid\u00e9o, un masque \u00e0 oxyg\u00e8ne, une figurine de poisson et une bou\u00e9e \u00e0 construire.<br \/>\nRetirez le toit du yacht pour acc\u00e9der au pont inf\u00e9rieur pour une sieste.<br \/>\nOuvrez le coffre au tr\u00e9sor pour trouver la gemme et le crabe.<br \/>\nNagez jusqu&#8217;\u00e0 la surface et dirigez-vous vers le yacht avec votre tr\u00e9sor ! Contient 148 briques.<br \/>\n<strong><br \/>\n<\/strong><\/p>\n","protected":false},"excerpt":{"rendered":"<p>Explore le monde sous-marin avec le yacht de plong\u00e9e LEGO\u00ae City 60221 ! Inclut 2 figurines de plong\u00e9e LEGO\u00ae City plus des figurines d&#8217;espadon et de crabe.<\/p>\n","protected":false},"featured_media":2969,"template":"","meta":[],"product_brand":[],"product_cat":[137,79,236,216,293,323,134,274,203,287,234,77],"product_tag":[],"class_list":{"0":"post-3097","1":"product","2":"type-product","3":"status-publish","4":"has-post-thumbnail","6":"product_cat-assemblage-et-construction","7":"product_cat-building-construction","8":"product_cat-city-fr","9":"product_cat-city","10":"product_cat-city-2","11":"product_cat-city-fr-2","12":"product_cat-jouets-et-jeux","13":"product_cat-lego-building-construction","14":"product_cat-lego","15":"product_cat-lego-fr-3","16":"product_cat-lego-fr","17":"product_cat-toys-games","19":"first","20":"outofstock","21":"taxable","22":"shipping-taxable","23":"purchasable","24":"product-type-simple"},"aioseo_notices":[],"_links":{"self":[{"href":"https:\/\/www.nostalgia-toys.ca\/fr\/wp-json\/wp\/v2\/product\/3097","targetHints":{"allow":["GET"]}}],"collection":[{"href":"https:\/\/www.nostalgia-toys.ca\/fr\/wp-json\/wp\/v2\/product"}],"about":[{"href":"https:\/\/www.nostalgia-toys.ca\/fr\/wp-json\/wp\/v2\/types\/product"}],"wp:featuredmedia":[{"embeddable":true,"href":"https:\/\/www.nostalgia-toys.ca\/fr\/wp-json\/wp\/v2\/media\/2969"}],"wp:attachment":[{"href":"https:\/\/www.nostalgia-toys.ca\/fr\/wp-json\/wp\/v2\/media?parent=3097"}],"wp:term":[{"taxonomy":"product_brand","embeddable":true,"href":"https:\/\/www.nostalgia-toys.ca\/fr\/wp-json\/wp\/v2\/product_brand?post=3097"},{"taxonomy":"product_cat","embeddable":true,"href":"https:\/\/www.nostalgia-toys.ca\/fr\/wp-json\/wp\/v2\/product_cat?post=3097"},{"taxonomy":"product_tag","embeddable":true,"href":"https:\/\/www.nostalgia-toys.ca\/fr\/wp-json\/wp\/v2\/product_tag?post=3097"}],"curies":[{"name":"wp","href":"https:\/\/api.w.org\/{rel}","templated":true}]}}