{"id":3098,"date":"2022-03-22T21:27:07","date_gmt":"2022-03-22T20:27:07","guid":{"rendered":"https:\/\/www.nostalgia-toys.ca\/product\/lego-star-wars-at-st-raider-75254-540pcs\/"},"modified":"2022-03-24T15:12:30","modified_gmt":"2022-03-24T14:12:30","slug":"lego-star-wars-at-st-raider-75254-540pcs-fr","status":"publish","type":"product","link":"https:\/\/www.nostalgia-toys.ca\/fr\/produit\/lego-star-wars-at-st-raider-75254-540pcs-fr\/","title":{"rendered":"LEGO Star Wars AT-ST Raider 75254 (540pcs)"},"content":{"rendered":"<div class=\"css-1nf1bpj e1mpbtcv5\" data-automation=\"long-description\">Excitez n&#8217;importe quel constructeur ou fan LEGO\u00ae avec ce v\u00e9hicule Star Wars\u2122 AT-ST Raider 75254. Ce jouet de construction Star Wars en briques pr\u00e9sente le m\u00eame look cannibalis\u00e9 du marcheur de la s\u00e9rie t\u00e9l\u00e9vis\u00e9e \u00e0 succ\u00e8s Star Wars, The Mandalorian, y compris des jambes mobiles articul\u00e9es, une tourelle tournante qui s&#8217;ouvre pour r\u00e9v\u00e9ler un int\u00e9rieur d\u00e9taill\u00e9 avec de l&#8217;espace pour asseoir une figurine, plus 2 tireurs de tir. L&#8217;ensemble comprend \u00e9galement les personnages de Star Wars The Mandalorian, Cara Dune et 2 figurines Klatooinian Raider pour vraiment faire avancer l&#8217;action.<\/div>\n<div class=\"css-14007fh e1mpbtcv6\" data-automation=\"feature-specifications\">\u2022 Inclut 4 personnages LEGO\u00ae Star Wars\u2122 : The Mandalorian, Cara Dune et 2 figurines Klatooinian Raider<br \/>\n\u2022 Le v\u00e9hicule AT-ST LEGO\u00ae Star Wars\u2122 comprend des jambes articul\u00e9es mobiles, une tourelle rotative activ\u00e9e par une roue, un auvent qui s&#8217;ouvre avec de la place pour une figurine \u00e0 l&#8217;int\u00e9rieur d&#8217;un cockpit d\u00e9taill\u00e9 et des \u00e9l\u00e9ments sp\u00e9cialement d\u00e9cor\u00e9s pour un look cannibalis\u00e9<br \/>\n\u2022 Les armes incluent 3 fusils blaster et un blaster<br \/>\n\u2022 Recr\u00e9ez des aventures incroyables de la s\u00e9rie t\u00e9l\u00e9vis\u00e9e \u00e0 succ\u00e8s Star Wars : The Mandalorian<br \/>\n\u2022 Fait un excellent cadeau d&#8217;anniversaire, de No\u00ebl ou tout simplement un cadeau Star Wars\u2122 pour toute occasion<br \/>\n\u2022 Le jouet de construction du marcheur AT-ST LEGO\u00ae Star Wars\u2122 mesure plus de 25 cm de haut, 15 cm de long et 13 cm de large<\/div>\n","protected":false},"excerpt":{"rendered":"<p>Excitez n&#8217;importe quel constructeur ou fan LEGO\u00ae avec ce v\u00e9hicule Star Wars\u2122 AT-ST Raider 75254. Les armes incluent 3 fusils blaster et un blaster.<\/p>\n","protected":false},"featured_media":2960,"template":"","meta":[],"product_brand":[],"product_cat":[137,134,234,287,254,343],"product_tag":[],"class_list":{"0":"post-3098","1":"product","2":"type-product","3":"status-publish","4":"has-post-thumbnail","6":"product_cat-assemblage-et-construction","7":"product_cat-jouets-et-jeux","8":"product_cat-lego-fr","9":"product_cat-lego-fr-3","10":"product_cat-star-wars-fr","11":"product_cat-star-wars-fr-2","13":"first","14":"instock","15":"taxable","16":"shipping-taxable","17":"purchasable","18":"product-type-simple"},"aioseo_notices":[],"_links":{"self":[{"href":"https:\/\/www.nostalgia-toys.ca\/fr\/wp-json\/wp\/v2\/product\/3098","targetHints":{"allow":["GET"]}}],"collection":[{"href":"https:\/\/www.nostalgia-toys.ca\/fr\/wp-json\/wp\/v2\/product"}],"about":[{"href":"https:\/\/www.nostalgia-toys.ca\/fr\/wp-json\/wp\/v2\/types\/product"}],"wp:featuredmedia":[{"embeddable":true,"href":"https:\/\/www.nostalgia-toys.ca\/fr\/wp-json\/wp\/v2\/media\/2960"}],"wp:attachment":[{"href":"https:\/\/www.nostalgia-toys.ca\/fr\/wp-json\/wp\/v2\/media?parent=3098"}],"wp:term":[{"taxonomy":"product_brand","embeddable":true,"href":"https:\/\/www.nostalgia-toys.ca\/fr\/wp-json\/wp\/v2\/product_brand?post=3098"},{"taxonomy":"product_cat","embeddable":true,"href":"https:\/\/www.nostalgia-toys.ca\/fr\/wp-json\/wp\/v2\/product_cat?post=3098"},{"taxonomy":"product_tag","embeddable":true,"href":"https:\/\/www.nostalgia-toys.ca\/fr\/wp-json\/wp\/v2\/product_tag?post=3098"}],"curies":[{"name":"wp","href":"https:\/\/api.w.org\/{rel}","templated":true}]}}