{"id":3099,"date":"2022-03-22T21:11:10","date_gmt":"2022-03-22T20:11:10","guid":{"rendered":"https:\/\/www.nostalgia-toys.ca\/product\/lego-ideas-ship-in-a-bottle-92177-962-pcs\/"},"modified":"2022-03-24T15:16:02","modified_gmt":"2022-03-24T14:16:02","slug":"lego-ideas-ship-in-a-bottle-92177-962-pcs-fr","status":"publish","type":"product","link":"https:\/\/www.nostalgia-toys.ca\/fr\/produit\/lego-ideas-ship-in-a-bottle-92177-962-pcs-fr\/","title":{"rendered":"LEGO Ideas Bateau en Bouteille 92177 (962 pcs)"},"content":{"rendered":"<div class=\"css-1nf1bpj e1mpbtcv5\" data-automation=\"long-description\">Construis et expose le bateau dans une bouteille LEGO\u00ae Ideas, comprenant une bouteille en briques avec un bouchon en li\u00e8ge \u00e0 construire, un bateau tr\u00e8s d\u00e9taill\u00e9 et un pr\u00e9sentoir avec une plaque signal\u00e9tique et une boussole avec une aiguille tournante.<\/div>\n<div class=\"css-14007fh e1mpbtcv6\" data-automation=\"feature-specifications\">\u2022 Comprend une bouteille en briques LEGO\u00ae, un bateau et un pr\u00e9sentoir.<br \/>\n\u2022 La bouteille comprend un bouchon d\u00e9taill\u00e9 \u00e0 construire avec un \u00e9l\u00e9ment de style sceau de cire nouveau pour f\u00e9vrier 2018 et plus de 280 \u00e9l\u00e9ments bleu translucide de style eau \u00e0 l&#8217;int\u00e9rieur.<br \/>\n\u2022 Le navire comprend un pont sur\u00e9lev\u00e9 \u00e0 l&#8217;arri\u00e8re, les quartiers du capitaine, 6 canons, 3 m\u00e2ts, un nid de pie et des \u00e9l\u00e9ments assortis, dont des voiles imprim\u00e9es et le drapeau du navire.<br \/>\n\u2022 Le pr\u00e9sentoir comprend la plaque signal\u00e9tique \u00ab L\u00e9viathan \u00bb du navire, une \u00ab boussole \u00bb int\u00e9gr\u00e9e (non fonctionnelle) avec une rose des vents d\u00e9taill\u00e9e et une aiguille dor\u00e9e tournante, 2 globes et des d\u00e9tails dor\u00e9s.<br \/>\n\u2022 Inclut un livret avec des instructions de montage, ainsi que des informations sur le fan cr\u00e9ateur de l&#8217;ensemble et les concepteurs LEGO\u00ae.<br \/>\n\u2022 Ce jouet de construction convient aux enfants de 10 ans et plus.<br \/>\n\u2022 La bouteille sur support mesure plus de 10 cm de haut, 31 cm de large et 10 cm de profondeur.<br \/>\n\u2022 Le bateau mesure plus de 8 cm de haut, 14 cm de long et 5 cm de large.<\/div>\n","protected":false},"excerpt":{"rendered":"<p>Construis et expose le bateau dans une bouteille LEGO\u00ae Ideas, comprenant une bouteille en brique avec un bouchon \u00e0 construire et un bateau tr\u00e8s d\u00e9taill\u00e9.<\/p>\n","protected":false},"featured_media":2951,"template":"","meta":[],"product_brand":[],"product_cat":[137,79,334,245,225,302,134,274,203,287,234,77],"product_tag":[],"class_list":{"0":"post-3099","1":"product","2":"type-product","3":"status-publish","4":"has-post-thumbnail","6":"product_cat-assemblage-et-construction","7":"product_cat-building-construction","8":"product_cat-ideas-fr-2","9":"product_cat-ideas-fr","10":"product_cat-ideas","11":"product_cat-ideas-2","12":"product_cat-jouets-et-jeux","13":"product_cat-lego-building-construction","14":"product_cat-lego","15":"product_cat-lego-fr-3","16":"product_cat-lego-fr","17":"product_cat-toys-games","19":"first","20":"outofstock","21":"taxable","22":"shipping-taxable","23":"purchasable","24":"product-type-simple"},"aioseo_notices":[],"_links":{"self":[{"href":"https:\/\/www.nostalgia-toys.ca\/fr\/wp-json\/wp\/v2\/product\/3099","targetHints":{"allow":["GET"]}}],"collection":[{"href":"https:\/\/www.nostalgia-toys.ca\/fr\/wp-json\/wp\/v2\/product"}],"about":[{"href":"https:\/\/www.nostalgia-toys.ca\/fr\/wp-json\/wp\/v2\/types\/product"}],"wp:featuredmedia":[{"embeddable":true,"href":"https:\/\/www.nostalgia-toys.ca\/fr\/wp-json\/wp\/v2\/media\/2951"}],"wp:attachment":[{"href":"https:\/\/www.nostalgia-toys.ca\/fr\/wp-json\/wp\/v2\/media?parent=3099"}],"wp:term":[{"taxonomy":"product_brand","embeddable":true,"href":"https:\/\/www.nostalgia-toys.ca\/fr\/wp-json\/wp\/v2\/product_brand?post=3099"},{"taxonomy":"product_cat","embeddable":true,"href":"https:\/\/www.nostalgia-toys.ca\/fr\/wp-json\/wp\/v2\/product_cat?post=3099"},{"taxonomy":"product_tag","embeddable":true,"href":"https:\/\/www.nostalgia-toys.ca\/fr\/wp-json\/wp\/v2\/product_tag?post=3099"}],"curies":[{"name":"wp","href":"https:\/\/api.w.org\/{rel}","templated":true}]}}