{"id":3100,"date":"2022-03-18T17:47:35","date_gmt":"2022-03-18T16:47:35","guid":{"rendered":"https:\/\/www.nostalgia-toys.ca\/product\/lego-minecraft-the-blaze-bridge-21154-372pcs\/"},"modified":"2022-03-24T15:19:26","modified_gmt":"2022-03-24T14:19:26","slug":"lego-minecraft-the-blaze-bridge-21154-372pcs-fr","status":"publish","type":"product","link":"https:\/\/www.nostalgia-toys.ca\/fr\/produit\/lego-minecraft-the-blaze-bridge-21154-372pcs-fr\/","title":{"rendered":"LEGO Minecraft &#8211; Le Pont de Blaze 21154 (372pcs)"},"content":{"rendered":"<p>Plongez dans un monde d&#8217;aventures Minecraft avec cet ensemble LEGO Minecraft 21154 Le pont Blaze, comprenant un d\u00e9cor enflamm\u00e9 du Nether Minecraft avec un pont, de la lave br\u00fblante, de redoutables monstres Minecraft et des objets uniques. Les joueurs du jeu vid\u00e9o record adoreront activer les fonctions d&#8217;\u00e9boulement de gravier et de flammes volantes alors qu&#8217;ils combattent les foules hostiles pour traverser le pont et gagner le tr\u00e9sor. Les enfants peuvent \u00e9galement combiner cet ensemble de jeu Minecraft \u00e0 collectionner avec d&#8217;autres ensembles pour cr\u00e9er un univers LEGO Minecraft unique pour le jeu et l&#8217;exposition. Inclut une figurine d&#8217;Alex, plus un squelette Wither et 2 figurines Blaze avec une fonctionnalit\u00e9 de tige Blaze rotative.<\/p>\n<ul>\n<li>Inclut une figurine d&#8217;Alex, plus un squelette Wither et 2 figurines Blaze avec des tiges Blaze rotatives<\/li>\n<li>Comprend un cadre Minecraft Nether \u00e0 construire avec un pont, de la lave, du magma, du sable d&#8217;\u00e2me, de la pierre lumineuse, du gravier et des blocs de quartz du Nether, un support de brassage, 2 potions et un coffre avec un tr\u00e9sor<\/li>\n<li>Enfilez votre armure de diamant, attrapez votre \u00e9p\u00e9e de diamant et dirigez-vous vers The Blaze Bridge<\/li>\n<li>Combattez le squelette fl\u00e9tri et \u00e9vitez les flammes pour traverser le pont et gagner le tr\u00e9sor<\/li>\n<li>Activez les fonctions d&#8217;\u00e9boulement de gravier et d&#8217;incendie volant<\/li>\n<\/ul>\n","protected":false},"excerpt":{"rendered":"<p>Plongez dans un monde d&#8217;aventures Minecraft avec cet ensemble LEGO Minecraft 21154 Le pont Blaze, comprenant un d\u00e9cor enflamm\u00e9 du Nether Minecraft avec un pont, de la lave br\u00fblante, de redoutables monstres Minecraft et des objets uniques.<\/p>\n","protected":false},"featured_media":2864,"template":"","meta":[],"product_brand":[],"product_cat":[137,79,134,287,234,274,203,204,288,338,249,77],"product_tag":[],"class_list":{"0":"post-3100","1":"product","2":"type-product","3":"status-publish","4":"has-post-thumbnail","6":"product_cat-assemblage-et-construction","7":"product_cat-building-construction","8":"product_cat-jouets-et-jeux","9":"product_cat-lego-fr-3","10":"product_cat-lego-fr","11":"product_cat-lego-building-construction","12":"product_cat-lego","13":"product_cat-minecraft","14":"product_cat-minecraft-2","15":"product_cat-minecraft-fr-2","16":"product_cat-minecraft-fr","17":"product_cat-toys-games","19":"first","20":"outofstock","21":"taxable","22":"shipping-taxable","23":"purchasable","24":"product-type-simple"},"aioseo_notices":[],"_links":{"self":[{"href":"https:\/\/www.nostalgia-toys.ca\/fr\/wp-json\/wp\/v2\/product\/3100","targetHints":{"allow":["GET"]}}],"collection":[{"href":"https:\/\/www.nostalgia-toys.ca\/fr\/wp-json\/wp\/v2\/product"}],"about":[{"href":"https:\/\/www.nostalgia-toys.ca\/fr\/wp-json\/wp\/v2\/types\/product"}],"wp:featuredmedia":[{"embeddable":true,"href":"https:\/\/www.nostalgia-toys.ca\/fr\/wp-json\/wp\/v2\/media\/2864"}],"wp:attachment":[{"href":"https:\/\/www.nostalgia-toys.ca\/fr\/wp-json\/wp\/v2\/media?parent=3100"}],"wp:term":[{"taxonomy":"product_brand","embeddable":true,"href":"https:\/\/www.nostalgia-toys.ca\/fr\/wp-json\/wp\/v2\/product_brand?post=3100"},{"taxonomy":"product_cat","embeddable":true,"href":"https:\/\/www.nostalgia-toys.ca\/fr\/wp-json\/wp\/v2\/product_cat?post=3100"},{"taxonomy":"product_tag","embeddable":true,"href":"https:\/\/www.nostalgia-toys.ca\/fr\/wp-json\/wp\/v2\/product_tag?post=3100"}],"curies":[{"name":"wp","href":"https:\/\/api.w.org\/{rel}","templated":true}]}}