{"id":3102,"date":"2022-03-18T17:33:24","date_gmt":"2022-03-18T16:33:24","guid":{"rendered":"https:\/\/www.nostalgia-toys.ca\/product\/lego-ideas-dinosaur-fossils-21320-910-pcs\/"},"modified":"2022-03-24T15:22:33","modified_gmt":"2022-03-24T14:22:33","slug":"lego-ideas-dinosaur-fossils-21320-910-pcs-fr","status":"publish","type":"product","link":"https:\/\/www.nostalgia-toys.ca\/fr\/produit\/lego-ideas-dinosaur-fossils-21320-910-pcs-fr\/","title":{"rendered":"LEGO Ideas Les Fossiles de Dinosaures 21320 (910 pcs)"},"content":{"rendered":"<p>D\u00e9couvrez la vie sur Terre il y a des millions d&#8217;ann\u00e9es et cr\u00e9ez une superbe pi\u00e8ce ma\u00eetresse avec ce kit de construction \u00e0 collectionner LEGO Ideas 21320 Les fossiles de dinosaures pour adultes. Cet ensemble de 910 pi\u00e8ces offre une exp\u00e9rience de construction immersive et cr\u00e9ative pour les passionn\u00e9s d&#8217;histoire naturelle qui appr\u00e9cieront les d\u00e9tails authentiques des 2 mod\u00e8les de squelette de dinosaure (Tyrannosaurus rex et Triceratops) et du jouet squelette de reptile pt\u00e9rosaure (Pteranodon). Les mod\u00e8les sont construits \u00e0 l&#8217;\u00e9chelle 1:32, peuvent \u00eatre ajust\u00e9s dans des poses r\u00e9alistes et chacun est livr\u00e9 avec son propre support afin qu&#8217;ils puissent \u00eatre plac\u00e9s \u00e0 c\u00f4t\u00e9 du squelette de sapiens inclus pour un affichage de style mus\u00e9e. Pour compl\u00e9ter l&#8217;ensemble, il y a aussi une figurine de pal\u00e9ontologue avec divers accessoires pour un jeu de r\u00f4le imaginatif amusant. Dans l&#8217;ensemble, ce jouet d&#8217;arch\u00e9ologie est un excellent cadeau de dinosaure pour les adultes \u00e0 construire en solo ou \u00e0 partager leur passion pour l&#8217;histoire naturelle avec leur famille et leurs amis.<\/p>\n<ul>\n<li>Un ensemble de fossiles de dinosaures merveilleusement d\u00e9taill\u00e9s comprenant des mod\u00e8les de jouets \u00e0 construire et mobiles \u00e0 l&#8217;\u00e9chelle 1:32 de squelettes de Tyrannosaurus rex, de Triceratops et de Pteranodon, chacun avec des pr\u00e9sentoirs pour cr\u00e9er des expositions de mus\u00e9e d&#8217;histoire naturelle de style LEGO<\/li>\n<li>Comprend \u00e9galement un squelette de sapiens avec un pr\u00e9sentoir et une figurine de pal\u00e9ontologue avec une caisse \u00e0 construire, plus un \u0153uf de dinosaure, un os, un chapeau et des \u00e9l\u00e9ments de livre pour un jeu de r\u00f4le cr\u00e9atif<\/li>\n<li>Cet ensemble de dinosaures \u00e0 collectionner LEGO Ideas comprend 910 pi\u00e8ces pour une exp\u00e9rience de construction immersive et enrichissante<\/li>\n<li>Nouveau dans la construction LEGO ? Ne t&#8217;inqui\u00e8te pas. Ce kit de pal\u00e9ontologue est livr\u00e9 avec un livret contenant des instructions de construction faciles \u00e0 suivre, des faits fascinants sur le Tyrannosaurus rex, le Triceratops et le Pt\u00e9ranodon, et des informations sur le fan cr\u00e9ateur de l&#8217;ensemble et le concepteur LEGO.<\/li>\n<li>Fait un merveilleux jouet cadeau pal\u00e9ontologue pour les constructeurs LEGO \u00e2g\u00e9s de 16 ans et plus et toute personne passionn\u00e9e par l&#8217;histoire naturelle et les dinosaures.<\/li>\n<\/ul>\n","protected":false},"excerpt":{"rendered":"<p>D\u00e9couvrez la vie sur Terre il y a des millions d&#8217;ann\u00e9es et cr\u00e9ez une superbe pi\u00e8ce ma\u00eetresse avec ce kit de construction \u00e0 collectionner LEGO Ideas 21320 Les fossiles de dinosaures.<\/p>\n","protected":false},"featured_media":2857,"template":"","meta":[],"product_brand":[],"product_cat":[137,79,225,302,334,245,134,203,287,234,274,77],"product_tag":[],"class_list":{"0":"post-3102","1":"product","2":"type-product","3":"status-publish","4":"has-post-thumbnail","6":"product_cat-assemblage-et-construction","7":"product_cat-building-construction","8":"product_cat-ideas","9":"product_cat-ideas-2","10":"product_cat-ideas-fr-2","11":"product_cat-ideas-fr","12":"product_cat-jouets-et-jeux","13":"product_cat-lego","14":"product_cat-lego-fr-3","15":"product_cat-lego-fr","16":"product_cat-lego-building-construction","17":"product_cat-toys-games","19":"first","20":"outofstock","21":"taxable","22":"shipping-taxable","23":"purchasable","24":"product-type-simple"},"aioseo_notices":[],"_links":{"self":[{"href":"https:\/\/www.nostalgia-toys.ca\/fr\/wp-json\/wp\/v2\/product\/3102","targetHints":{"allow":["GET"]}}],"collection":[{"href":"https:\/\/www.nostalgia-toys.ca\/fr\/wp-json\/wp\/v2\/product"}],"about":[{"href":"https:\/\/www.nostalgia-toys.ca\/fr\/wp-json\/wp\/v2\/types\/product"}],"wp:featuredmedia":[{"embeddable":true,"href":"https:\/\/www.nostalgia-toys.ca\/fr\/wp-json\/wp\/v2\/media\/2857"}],"wp:attachment":[{"href":"https:\/\/www.nostalgia-toys.ca\/fr\/wp-json\/wp\/v2\/media?parent=3102"}],"wp:term":[{"taxonomy":"product_brand","embeddable":true,"href":"https:\/\/www.nostalgia-toys.ca\/fr\/wp-json\/wp\/v2\/product_brand?post=3102"},{"taxonomy":"product_cat","embeddable":true,"href":"https:\/\/www.nostalgia-toys.ca\/fr\/wp-json\/wp\/v2\/product_cat?post=3102"},{"taxonomy":"product_tag","embeddable":true,"href":"https:\/\/www.nostalgia-toys.ca\/fr\/wp-json\/wp\/v2\/product_tag?post=3102"}],"curies":[{"name":"wp","href":"https:\/\/api.w.org\/{rel}","templated":true}]}}