{"id":3103,"date":"2022-03-18T16:38:52","date_gmt":"2022-03-18T15:38:52","guid":{"rendered":"https:\/\/www.nostalgia-toys.ca\/product\/lego-duplo-batman-batcave-10919-33pcs\/"},"modified":"2022-03-24T15:25:23","modified_gmt":"2022-03-24T14:25:23","slug":"lego-duplo-batman-batcave-10919-33pcs-fr","status":"publish","type":"product","link":"https:\/\/www.nostalgia-toys.ca\/fr\/produit\/lego-duplo-batman-batcave-10919-33pcs-fr\/","title":{"rendered":"LEGO Duplo Batman Batcave 10919 (33pcs)"},"content":{"rendered":"<div class=\"css-1nf1bpj e1mpbtcv5\" data-automation=\"long-description\">Lorsque THE JOKER\u2122 s&#8217;\u00e9vade de prison, votre petit super-h\u00e9ros rejoint Batman\u2122 et Robin\u2122 alors qu&#8217;ils tentent de le capturer et de le remettre \u00e0 sa place. Cela signifie beaucoup d&#8217;action amusante, des jeux de r\u00f4le imaginatifs et une chance pour les tout-petits de d\u00e9velopper des comp\u00e9tences super puissantes !<\/p>\n<p>Jeu de d\u00e9veloppement avec Batman et Robin<br \/>\nLEGO\u00ae DUPLO\u00ae Batman Batcave\u2122 (10919) comprend Batman, Robin et LE JOKER dans un ensemble de jeu polyvalent con\u00e7u pour encourager le jeu cr\u00e9atif et stimuler les avantages du d\u00e9veloppement. Les b\u00e9b\u00e9s d\u00e9veloppent leur motricit\u00e9 fine en man\u0153uvrant le jouet Batmobile\u2122 \u00e0 travers la porte et en ouvrant et fermant la porte de la prison. Le jeu de r\u00f4le sur l&#8217;interaction entre les 3 personnages encourage le d\u00e9veloppement social et \u00e9motionnel.<\/p>\n<p>Des personnages embl\u00e9matiques et une action de simulation sans fin<br \/>\nAvec leurs super-h\u00e9ros et super-m\u00e9chants pr\u00e9f\u00e9r\u00e9s, des gadgets sympas et des v\u00e9hicules incroyables, les ensembles de d\u00e9marrage LEGO DUPLO Batman offrent aux tout-petits un jeu de d\u00e9veloppement sans fin et donnent aux parents l&#8217;occasion de partager des moments pr\u00e9cieux avec leur petit super-h\u00e9ros.<\/p><\/div>\n<div class=\"css-14007fh e1mpbtcv6\" data-automation=\"feature-specifications\">\u2022 LEGO\u00ae DUPLO\u00ae Batman\u2122 Batcave\u2122 (10919) combine l&#8217;apprentissage du d\u00e9veloppement avec des aventures pleines d&#8217;action dans un ensemble de jeu super amusant con\u00e7u pour lib\u00e9rer les super pouvoirs de votre petit super h\u00e9ros !<br \/>\n\u2022 La Batcave\u2122 offre le cadre d&#8217;aventures de jeu de r\u00f4le avec THE JOKER\u2122, Batman\u2122 et Robin\u2122. Il y a aussi une prison avec une porte qui s&#8217;ouvre et se ferme, et un jouet Batmobile\u2122 cool pour inspirer des histoires en mouvement<br \/>\n\u2022 Les enfants d&#8217;\u00e2ge pr\u00e9scolaire utilisent leur motricit\u00e9 fine et leurs capacit\u00e9s de r\u00e9solution de probl\u00e8mes pour attraper LE JOKER\u2122 et le renvoyer en prison. Mais, avec le tireur de slime de THE JOKER et la Batmobile\u2122 \u00e0 grande vitesse de Batman, tout peut arriver !<br \/>\n\u2022 Ce jouet pour b\u00e9b\u00e9 passionnant utilise des \u00e9l\u00e9ments con\u00e7us pour \u00eatre faciles \u00e0 saisir et \u00e0 placer par les petites mains. C&#8217;est un ensemble de d\u00e9marrage LEGO\u00ae id\u00e9al pour les gar\u00e7ons et les filles \u00e2g\u00e9s de 2 ans et plus qui aiment les jouets m\u00e9caniques<br \/>\n\u2022 La Batcave\u2122 mesure plus de 14 cm de haut, 22 cm de large et 9 cm de profondeur et le jouet Batmobile\u2122 mesure plus de 12 cm de long. Pour cr\u00e9er encore plus de possibilit\u00e9s de jeu, l&#8217;ensemble se combine facilement avec d&#8217;autres ensembles de jeu LEGO\u00ae DUPLO\u00ae<br \/>\n\u2022 Aucune pile n\u00e9cessaire. Le plaisir pratique commence tout de suite, lib\u00e9rant des avantages de d\u00e9veloppement avec un jeu con\u00e7u pour stimuler les jeunes esprits.<br \/>\n\u2022 Les instructions simples incluses permettent aux parents et aux soignants de partager facilement le plaisir de la construction avec leur tout-petit<br \/>\n\u2022 Les ensembles de jeu LEGO\u00ae DUPLO\u00ae Batman\u2122 utilisent des super-h\u00e9ros, des super-m\u00e9chants, des gadgets sympas et des v\u00e9hicules incroyables des films Batman pour offrir des avantages de d\u00e9veloppement aux enfants d&#8217;\u00e2ge pr\u00e9scolaire et des moments pr\u00e9cieux \u00e0 partager pour les parents<br \/>\n\u2022 Les ensembles de construction LEGO\u00ae DUPLO\u00ae sont faciles \u00e0 saisir, \u00e0 placer et \u00e0 s\u00e9parer pour les petits doigts car ils r\u00e9pondent aux normes les plus \u00e9lev\u00e9es de l&#8217;industrie &#8211; et c&#8217;est ainsi depuis 1969<br \/>\n\u2022 Les briques et pi\u00e8ces LEGO\u00ae DUPLO\u00ae sont rigoureusement test\u00e9es pour s&#8217;assurer que l&#8217;ensemble de jeu DUPLO de chaque petit constructeur r\u00e9pond aux normes de s\u00e9curit\u00e9 et de qualit\u00e9 les plus \u00e9lev\u00e9es de la plan\u00e8te<\/div>\n","protected":false},"excerpt":{"rendered":"<p>Lorsque THE JOKER\u2122 s&#8217;\u00e9vade de prison, votre petit super h\u00e9ros rejoint Batman\u2122 et Robin\u2122 alors qu&#8217;ils tentent de le capturer et de le remettre \u00e0 sa place.<\/p>\n","protected":false},"featured_media":2847,"template":"","meta":[],"product_brand":[],"product_cat":[137,79,241,221,298,328,134,274,203,287,234,77],"product_tag":[],"class_list":{"0":"post-3103","1":"product","2":"type-product","3":"status-publish","4":"has-post-thumbnail","6":"product_cat-assemblage-et-construction","7":"product_cat-building-construction","8":"product_cat-duplo-fr","9":"product_cat-duplo","10":"product_cat-duplo-2","11":"product_cat-duplo-fr-2","12":"product_cat-jouets-et-jeux","13":"product_cat-lego-building-construction","14":"product_cat-lego","15":"product_cat-lego-fr-3","16":"product_cat-lego-fr","17":"product_cat-toys-games","19":"first","20":"outofstock","21":"taxable","22":"shipping-taxable","23":"purchasable","24":"product-type-simple"},"aioseo_notices":[],"_links":{"self":[{"href":"https:\/\/www.nostalgia-toys.ca\/fr\/wp-json\/wp\/v2\/product\/3103","targetHints":{"allow":["GET"]}}],"collection":[{"href":"https:\/\/www.nostalgia-toys.ca\/fr\/wp-json\/wp\/v2\/product"}],"about":[{"href":"https:\/\/www.nostalgia-toys.ca\/fr\/wp-json\/wp\/v2\/types\/product"}],"wp:featuredmedia":[{"embeddable":true,"href":"https:\/\/www.nostalgia-toys.ca\/fr\/wp-json\/wp\/v2\/media\/2847"}],"wp:attachment":[{"href":"https:\/\/www.nostalgia-toys.ca\/fr\/wp-json\/wp\/v2\/media?parent=3103"}],"wp:term":[{"taxonomy":"product_brand","embeddable":true,"href":"https:\/\/www.nostalgia-toys.ca\/fr\/wp-json\/wp\/v2\/product_brand?post=3103"},{"taxonomy":"product_cat","embeddable":true,"href":"https:\/\/www.nostalgia-toys.ca\/fr\/wp-json\/wp\/v2\/product_cat?post=3103"},{"taxonomy":"product_tag","embeddable":true,"href":"https:\/\/www.nostalgia-toys.ca\/fr\/wp-json\/wp\/v2\/product_tag?post=3103"}],"curies":[{"name":"wp","href":"https:\/\/api.w.org\/{rel}","templated":true}]}}