{"id":3106,"date":"2022-03-18T00:23:45","date_gmt":"2022-03-17T23:23:45","guid":{"rendered":"https:\/\/www.nostalgia-toys.ca\/product\/lego-architecture-new-york-city-21028-598pcs\/"},"modified":"2022-03-24T15:29:54","modified_gmt":"2022-03-24T14:29:54","slug":"lego-architecture-new-york-city-21028-598pcs-fr","status":"publish","type":"product","link":"https:\/\/www.nostalgia-toys.ca\/fr\/produit\/lego-architecture-new-york-city-21028-598pcs-fr\/","title":{"rendered":"LEGO Architecture Ville de New York 21028 (598pcs)"},"content":{"rendered":"<p>C\u00e9l\u00e9brez la diversit\u00e9 architecturale de New York avec ce mod\u00e8le d\u00e9taill\u00e9 en briques LEGO. La collection LEGO Architecture Skyline propose des mod\u00e8les pouvant \u00eatre expos\u00e9s \u00e0 la maison et au bureau, et a \u00e9t\u00e9 d\u00e9velopp\u00e9e pour tous ceux qui s&#8217;int\u00e9ressent aux voyages, \u00e0 la culture architecturale, \u00e0 l&#8217;histoire et au design. Chaque ensemble est mis \u00e0 l&#8217;\u00e9chelle pour donner une repr\u00e9sentation pr\u00e9cise de la taille comparative de chaque structure, avec une repr\u00e9sentation fid\u00e8le des couleurs. Cet ensemble comprend le Flatiron Building, le Chrysler Building, l&#8217;Empire State Building, le One World Trade Center et la Statue de la Libert\u00e9, et est fini avec une plaque signal\u00e9tique d\u00e9corative &#8220;New York City&#8221;.<\/p>\n","protected":false},"excerpt":{"rendered":"<p>C\u00e9l\u00e9brez la diversit\u00e9 architecturale de New York avec ce mod\u00e8le d\u00e9taill\u00e9 de briques LEGO 21028.<\/p>\n","protected":false},"featured_media":2777,"template":"","meta":[],"product_brand":[],"product_cat":[212,289,319,235,137,79,134,203,287,234,274,77],"product_tag":[],"class_list":{"0":"post-3106","1":"product","2":"type-product","3":"status-publish","4":"has-post-thumbnail","6":"product_cat-architecture","7":"product_cat-architecture-2","8":"product_cat-architecture-fr-2","9":"product_cat-architecture-fr","10":"product_cat-assemblage-et-construction","11":"product_cat-building-construction","12":"product_cat-jouets-et-jeux","13":"product_cat-lego","14":"product_cat-lego-fr-3","15":"product_cat-lego-fr","16":"product_cat-lego-building-construction","17":"product_cat-toys-games","19":"first","20":"instock","21":"taxable","22":"shipping-taxable","23":"purchasable","24":"product-type-simple"},"aioseo_notices":[],"_links":{"self":[{"href":"https:\/\/www.nostalgia-toys.ca\/fr\/wp-json\/wp\/v2\/product\/3106","targetHints":{"allow":["GET"]}}],"collection":[{"href":"https:\/\/www.nostalgia-toys.ca\/fr\/wp-json\/wp\/v2\/product"}],"about":[{"href":"https:\/\/www.nostalgia-toys.ca\/fr\/wp-json\/wp\/v2\/types\/product"}],"wp:featuredmedia":[{"embeddable":true,"href":"https:\/\/www.nostalgia-toys.ca\/fr\/wp-json\/wp\/v2\/media\/2777"}],"wp:attachment":[{"href":"https:\/\/www.nostalgia-toys.ca\/fr\/wp-json\/wp\/v2\/media?parent=3106"}],"wp:term":[{"taxonomy":"product_brand","embeddable":true,"href":"https:\/\/www.nostalgia-toys.ca\/fr\/wp-json\/wp\/v2\/product_brand?post=3106"},{"taxonomy":"product_cat","embeddable":true,"href":"https:\/\/www.nostalgia-toys.ca\/fr\/wp-json\/wp\/v2\/product_cat?post=3106"},{"taxonomy":"product_tag","embeddable":true,"href":"https:\/\/www.nostalgia-toys.ca\/fr\/wp-json\/wp\/v2\/product_tag?post=3106"}],"curies":[{"name":"wp","href":"https:\/\/api.w.org\/{rel}","templated":true}]}}