{"id":3174,"date":"2022-05-25T17:33:10","date_gmt":"2022-05-25T15:33:10","guid":{"rendered":"https:\/\/www.nostalgia-toys.ca\/product\/wasgij-destiny-retro-time-travel-5-1000-pcs-puzzle\/"},"modified":"2022-05-25T17:50:26","modified_gmt":"2022-05-25T15:50:26","slug":"wasgij-destiny-retro-time-travel-5-1000-pcs-puzzle","status":"publish","type":"product","link":"https:\/\/www.nostalgia-toys.ca\/fr\/produit\/wasgij-destiny-retro-time-travel-5-1000-pcs-puzzle\/","title":{"rendered":"Wasgij Destiny Retro &#8211; Voyage dans le Temps #5 (Casse-T\u00eate 1000pcs)"},"content":{"rendered":"<p>Wasgij Retro Destiny 5 : &#8220;Voyage dans le temps&#8221; est le titre de ce puzzle hilarant de 1000 pi\u00e8ces de Wasgij Retro Destiny 5. Il fut un temps o\u00f9 parcourir le monde signifiait prendre des jours, voire des semaines, pour se rendre d&#8217;un endroit \u00e0 un autre.<\/p>\n<p>Mais jusqu&#8217;o\u00f9 en est la technologie pour permettre aux passagers de se rendre d&#8217;un point A \u00e0 un point B en un rien de temps\u00a0? C&#8217;est la sc\u00e8ne que vous devrez r\u00e9soudre.<\/p>\n","protected":false},"excerpt":{"rendered":"<p>Wasgij Retro Destiny 5 : &#8220;Voyage dans le temps&#8221; est le titre de ce puzzle hilarant de 1000 pi\u00e8ces de Wasgij Retro Destiny 5.<\/p>\n","protected":false},"featured_media":3171,"template":"","meta":[],"product_brand":[],"product_cat":[187,258,185,191,202,207,264,200,199,184],"product_tag":[],"class_list":{"0":"post-3174","1":"product","2":"type-product","3":"status-publish","4":"has-post-thumbnail","6":"product_cat-187","7":"product_cat-1000-pieces","8":"product_cat-by-number-of-pieces","9":"product_cat-by-publisher","10":"product_cat-casse-tetes-fr","11":"product_cat-jumbo","12":"product_cat-jumbo-fr","13":"product_cat-par-editeur","14":"product_cat-par-nombre-de-pieces","15":"product_cat-puzzles","17":"first","18":"instock","19":"taxable","20":"shipping-taxable","21":"purchasable","22":"product-type-simple"},"aioseo_notices":[],"_links":{"self":[{"href":"https:\/\/www.nostalgia-toys.ca\/fr\/wp-json\/wp\/v2\/product\/3174","targetHints":{"allow":["GET"]}}],"collection":[{"href":"https:\/\/www.nostalgia-toys.ca\/fr\/wp-json\/wp\/v2\/product"}],"about":[{"href":"https:\/\/www.nostalgia-toys.ca\/fr\/wp-json\/wp\/v2\/types\/product"}],"wp:featuredmedia":[{"embeddable":true,"href":"https:\/\/www.nostalgia-toys.ca\/fr\/wp-json\/wp\/v2\/media\/3171"}],"wp:attachment":[{"href":"https:\/\/www.nostalgia-toys.ca\/fr\/wp-json\/wp\/v2\/media?parent=3174"}],"wp:term":[{"taxonomy":"product_brand","embeddable":true,"href":"https:\/\/www.nostalgia-toys.ca\/fr\/wp-json\/wp\/v2\/product_brand?post=3174"},{"taxonomy":"product_cat","embeddable":true,"href":"https:\/\/www.nostalgia-toys.ca\/fr\/wp-json\/wp\/v2\/product_cat?post=3174"},{"taxonomy":"product_tag","embeddable":true,"href":"https:\/\/www.nostalgia-toys.ca\/fr\/wp-json\/wp\/v2\/product_tag?post=3174"}],"curies":[{"name":"wp","href":"https:\/\/api.w.org\/{rel}","templated":true}]}}