{"id":3184,"date":"2022-05-25T18:34:26","date_gmt":"2022-05-25T16:34:26","guid":{"rendered":"https:\/\/www.nostalgia-toys.ca\/?post_type=product&#038;p=3184"},"modified":"2022-05-25T18:43:53","modified_gmt":"2022-05-25T16:43:53","slug":"piatnik-course-de-velo-casse-tete-1000-pcs","status":"publish","type":"product","link":"https:\/\/www.nostalgia-toys.ca\/fr\/produit\/piatnik-course-de-velo-casse-tete-1000-pcs\/","title":{"rendered":"Piatnik &#8211; Course de V\u00e9lo (Casse-T\u00eate 1000 pcs)"},"content":{"rendered":"<p>Dans le puzzle de 1000 pi\u00e8ces, Bicycle Race by Piatnik, une course cycliste tr\u00e8s anim\u00e9e et intense sur une montagne est illustr\u00e9e. Des troupeaux d&#8217;hommes et de femmes \u00e0 v\u00e9lo gravissent la colline, certains fatigu\u00e9s, d&#8217;autres moins. Ils portent tous des couleurs et des num\u00e9ros diff\u00e9rents, il est donc plus facile de les diff\u00e9rencier. Ce puzzle est une excellente activit\u00e9 d&#8217;apr\u00e8s-midi pour toute la famille !<\/p>\n","protected":false},"excerpt":{"rendered":"<p>Dans le puzzle de 1000 pi\u00e8ces, Bicycle Race by Piatnik, une course cycliste tr\u00e8s anim\u00e9e et intense sur une montagne est illustr\u00e9e.<\/p>\n","protected":false},"featured_media":3188,"template":"","meta":[],"product_brand":[],"product_cat":[258,187,185,191,202,200,199,208,265,184],"product_tag":[],"class_list":{"0":"post-3184","1":"product","2":"type-product","3":"status-publish","4":"has-post-thumbnail","6":"product_cat-1000-pieces","7":"product_cat-187","8":"product_cat-by-number-of-pieces","9":"product_cat-by-publisher","10":"product_cat-casse-tetes-fr","11":"product_cat-par-editeur","12":"product_cat-par-nombre-de-pieces","13":"product_cat-piatnik","14":"product_cat-piatnik-fr","15":"product_cat-puzzles","17":"first","18":"instock","19":"taxable","20":"shipping-taxable","21":"purchasable","22":"product-type-simple"},"aioseo_notices":[],"_links":{"self":[{"href":"https:\/\/www.nostalgia-toys.ca\/fr\/wp-json\/wp\/v2\/product\/3184","targetHints":{"allow":["GET"]}}],"collection":[{"href":"https:\/\/www.nostalgia-toys.ca\/fr\/wp-json\/wp\/v2\/product"}],"about":[{"href":"https:\/\/www.nostalgia-toys.ca\/fr\/wp-json\/wp\/v2\/types\/product"}],"wp:featuredmedia":[{"embeddable":true,"href":"https:\/\/www.nostalgia-toys.ca\/fr\/wp-json\/wp\/v2\/media\/3188"}],"wp:attachment":[{"href":"https:\/\/www.nostalgia-toys.ca\/fr\/wp-json\/wp\/v2\/media?parent=3184"}],"wp:term":[{"taxonomy":"product_brand","embeddable":true,"href":"https:\/\/www.nostalgia-toys.ca\/fr\/wp-json\/wp\/v2\/product_brand?post=3184"},{"taxonomy":"product_cat","embeddable":true,"href":"https:\/\/www.nostalgia-toys.ca\/fr\/wp-json\/wp\/v2\/product_cat?post=3184"},{"taxonomy":"product_tag","embeddable":true,"href":"https:\/\/www.nostalgia-toys.ca\/fr\/wp-json\/wp\/v2\/product_tag?post=3184"}],"curies":[{"name":"wp","href":"https:\/\/api.w.org\/{rel}","templated":true}]}}